{"id":2756,"date":"2024-02-14T11:32:07","date_gmt":"2024-02-14T10:32:07","guid":{"rendered":"https:\/\/moovency.com\/contactez-nous\/"},"modified":"2024-06-24T13:58:47","modified_gmt":"2024-06-24T11:58:47","slug":"contact-us","status":"publish","type":"page","link":"https:\/\/moovency.com\/en\/contact-us\/","title":{"rendered":"Contact"},"content":{"rendered":"<section class=\"l-section wpb_row height_medium\"><div class=\"l-section-h i-cf\"><div class=\"g-cols vc_row via_flex valign_top type_default stacking_default\"><div class=\"vc_col-sm-8 wpb_column vc_column_container\"><div class=\"vc_column-inner\"><div class=\"wpb_wrapper\"><div class=\"wpb_text_column\"><div class=\"wpb_wrapper\"><h1>Contact us<\/h1>\n<\/div><\/div><div class=\"w-separator size_custom\" style=\"height:1.5rem\"><\/div><div class=\"wpb_text_column mvc-higlights\"><div class=\"wpb_wrapper\"><p>A question, a project,<br \/>\n<strong>request a demonstration ?<\/strong><\/p>\n<\/div><\/div><\/div><\/div><\/div><div class=\"vc_col-sm-4 wpb_column vc_column_container\"><div class=\"vc_column-inner\"><div class=\"wpb_wrapper\"><\/div><\/div><\/div><\/div><\/div><\/section><section class=\"l-section wpb_row height_medium\"><div class=\"l-section-h i-cf\"><div class=\"g-cols vc_row via_flex valign_top type_default stacking_default\"><div class=\"vc_col-sm-4 wpb_column vc_column_container\"><div class=\"vc_column-inner\"><div class=\"wpb_wrapper\"><div class=\"wpb_text_column\"><div class=\"wpb_wrapper\"><p>Welcome to the Moovency contact page. Our teams are here to help and advise you. Please complete this form and we&#8217;ll get back to you as soon as possible.<\/p>\n<\/div><\/div><div class=\"w-separator size_custom\" style=\"height:4rem\"><\/div><div class=\"wpb_text_column mvc-higlights\"><div class=\"wpb_wrapper\"><p><strong>Moovency<\/strong><\/p>\n<\/div><\/div><div class=\"wpb_text_column\"><div class=\"wpb_wrapper\"><p>15 rue du Ch\u00eane Germain<br \/>\n35510 Cesson-S\u00e9vign\u00e9<br \/>\nFRANCE<\/p>\n<\/div><\/div><div class=\"w-separator size_medium\"><\/div><div class=\"wpb_text_column mvc-higlights\"><div class=\"wpb_wrapper\"><p><strong>Customer Service<br \/>\n<\/strong><\/p>\n<\/div><\/div><div class=\"wpb_text_column\"><div class=\"wpb_wrapper\"><p>Monday to Friday from 9 a.m to 5 p.m<\/p>\n<\/div><\/div><div class=\"w-iconbox iconpos_left style_circle color_custom align_none no_title\"><div class=\"w-iconbox-icon\" style=\"font-size:1rem;--icon-color:#00247A;--icon-bg-color:#ffffff;\"><i class=\"fas fa-phone-alt\"><\/i><\/div><div class=\"w-iconbox-meta\"><div class=\"w-iconbox-text\"><p><a href=\"tel:+33972168945\">09 72 16 89 45<\/a><\/p>\n<\/div><\/div><\/div><\/div><\/div><\/div><div class=\"vc_col-sm-8 wpb_column vc_column_container has_bg_color\"><div class=\"vc_column-inner us_custom_ca74b4e6\"><div class=\"wpb_wrapper\"><div class=\"wpb_text_column mcv-titleh2-likeh3\"><div class=\"wpb_wrapper\"><h2>Write to us<\/h2>\n<\/div><\/div><div class=\"w-separator size_small\"><\/div><div class=\"wpb_text_column\"><div class=\"wpb_wrapper\">\n\t\t\t\t\t\t<script>\n\t\t\t\t\t\t\twindow.hsFormsOnReady = window.hsFormsOnReady || [];\n\t\t\t\t\t\t\twindow.hsFormsOnReady.push(()=>{\n\t\t\t\t\t\t\t\thbspt.forms.create({\n\t\t\t\t\t\t\t\t\tportalId: 26635059,\n\t\t\t\t\t\t\t\t\tformId: \"d29678f4-8333-43df-9db5-607503424c71\",\n\t\t\t\t\t\t\t\t\ttarget: \"#hbspt-form-1776077305000-9764413140\",\n\t\t\t\t\t\t\t\t\tregion: \"eu1\",\n\t\t\t\t\t\t\t\t\t\n\t\t\t\t\t\t\t})});\n\t\t\t\t\t\t<\/script>\n\t\t\t\t\t\t<div class=\"hbspt-form\" id=\"hbspt-form-1776077305000-9764413140\"><\/div>\n<\/div><\/div><\/div><\/div><\/div><\/div><\/div><\/section>\n","protected":false},"excerpt":{"rendered":"Contact us A question, a project, request a demonstration ? Welcome to the Moovency contact page. Our teams are here to help and advise you. Please complete this form and we&#8217;ll get back to you as soon as possible. Moovency 15 rue du Ch\u00eane Germain 35510 Cesson-S\u00e9vign\u00e9 FRANCE Customer Service Monday to Friday from 9...","protected":false},"author":1,"featured_media":0,"parent":0,"menu_order":0,"comment_status":"closed","ping_status":"closed","template":"","meta":{"_acf_changed":false,"content-type":"","footnotes":""},"class_list":["post-2756","page","type-page","status-publish","hentry"],"acf":[],"yoast_head":"<!-- This site is optimized with the Yoast SEO plugin v27.3 - https:\/\/yoast.com\/product\/yoast-seo-wordpress\/ -->\n<title>Contact - Moovency<\/title>\n<meta name=\"description\" content=\"Vous souhaitez pr\u00e9venir les TMS dans votre organisation, \u00e9changer avec nos experts ou en savoir plus sur nos solutions Kimea ? Contactez-nous\" \/>\n<meta name=\"robots\" content=\"index, follow, max-snippet:-1, max-image-preview:large, max-video-preview:-1\" \/>\n<link rel=\"canonical\" href=\"https:\/\/moovency.com\/en\/contact-us\/\" \/>\n<meta property=\"og:locale\" content=\"en_US\" \/>\n<meta property=\"og:type\" content=\"article\" \/>\n<meta property=\"og:title\" content=\"Contact - Moovency\" \/>\n<meta property=\"og:description\" content=\"Vous souhaitez pr\u00e9venir les TMS dans votre organisation, \u00e9changer avec nos experts ou en savoir plus sur nos solutions Kimea ? Contactez-nous\" \/>\n<meta property=\"og:url\" content=\"https:\/\/moovency.com\/en\/contact-us\/\" \/>\n<meta property=\"og:site_name\" content=\"Moovency\" \/>\n<meta property=\"article:modified_time\" content=\"2024-06-24T11:58:47+00:00\" \/>\n<meta name=\"twitter:card\" content=\"summary_large_image\" \/>\n<meta name=\"twitter:label1\" content=\"Est. reading time\" \/>\n\t<meta name=\"twitter:data1\" content=\"1 minute\" \/>\n<script type=\"application\/ld+json\" class=\"yoast-schema-graph\">{\"@context\":\"https:\\\/\\\/schema.org\",\"@graph\":[{\"@type\":\"WebPage\",\"@id\":\"https:\\\/\\\/moovency.com\\\/en\\\/contact-us\\\/\",\"url\":\"https:\\\/\\\/moovency.com\\\/en\\\/contact-us\\\/\",\"name\":\"Contact - Moovency\",\"isPartOf\":{\"@id\":\"https:\\\/\\\/moovency.com\\\/#website\"},\"datePublished\":\"2024-02-14T10:32:07+00:00\",\"dateModified\":\"2024-06-24T11:58:47+00:00\",\"description\":\"Vous souhaitez pr\u00e9venir les TMS dans votre organisation, \u00e9changer avec nos experts ou en savoir plus sur nos solutions Kimea ? Contactez-nous\",\"breadcrumb\":{\"@id\":\"https:\\\/\\\/moovency.com\\\/en\\\/contact-us\\\/#breadcrumb\"},\"inLanguage\":\"en-US\",\"potentialAction\":[{\"@type\":\"ReadAction\",\"target\":[\"https:\\\/\\\/moovency.com\\\/en\\\/contact-us\\\/\"]}]},{\"@type\":\"BreadcrumbList\",\"@id\":\"https:\\\/\\\/moovency.com\\\/en\\\/contact-us\\\/#breadcrumb\",\"itemListElement\":[{\"@type\":\"ListItem\",\"position\":1,\"name\":\"Accueil\",\"item\":\"https:\\\/\\\/moovency.com\\\/en\\\/\"},{\"@type\":\"ListItem\",\"position\":2,\"name\":\"Contact\"}]},{\"@type\":\"WebSite\",\"@id\":\"https:\\\/\\\/moovency.com\\\/#website\",\"url\":\"https:\\\/\\\/moovency.com\\\/\",\"name\":\"Moovency\",\"description\":\"Ensemble r\u00e9inventons la pr\u00e9vention des TMS\",\"publisher\":{\"@id\":\"https:\\\/\\\/moovency.com\\\/#organization\"},\"potentialAction\":[{\"@type\":\"SearchAction\",\"target\":{\"@type\":\"EntryPoint\",\"urlTemplate\":\"https:\\\/\\\/moovency.com\\\/?s={search_term_string}\"},\"query-input\":{\"@type\":\"PropertyValueSpecification\",\"valueRequired\":true,\"valueName\":\"search_term_string\"}}],\"inLanguage\":\"en-US\"},{\"@type\":\"Organization\",\"@id\":\"https:\\\/\\\/moovency.com\\\/#organization\",\"name\":\"Moovency\",\"url\":\"https:\\\/\\\/moovency.com\\\/\",\"logo\":{\"@type\":\"ImageObject\",\"inLanguage\":\"en-US\",\"@id\":\"https:\\\/\\\/moovency.com\\\/#\\\/schema\\\/logo\\\/image\\\/\",\"url\":\"https:\\\/\\\/moovency.com\\\/wp-content\\\/uploads\\\/2024\\\/05\\\/moovency-logo.png\",\"contentUrl\":\"https:\\\/\\\/moovency.com\\\/wp-content\\\/uploads\\\/2024\\\/05\\\/moovency-logo.png\",\"width\":696,\"height\":696,\"caption\":\"Moovency\"},\"image\":{\"@id\":\"https:\\\/\\\/moovency.com\\\/#\\\/schema\\\/logo\\\/image\\\/\"}}]}<\/script>\n<!-- \/ Yoast SEO plugin. -->","yoast_head_json":{"title":"Contact - Moovency","description":"Vous souhaitez pr\u00e9venir les TMS dans votre organisation, \u00e9changer avec nos experts ou en savoir plus sur nos solutions Kimea ? Contactez-nous","robots":{"index":"index","follow":"follow","max-snippet":"max-snippet:-1","max-image-preview":"max-image-preview:large","max-video-preview":"max-video-preview:-1"},"canonical":"https:\/\/moovency.com\/en\/contact-us\/","og_locale":"en_US","og_type":"article","og_title":"Contact - Moovency","og_description":"Vous souhaitez pr\u00e9venir les TMS dans votre organisation, \u00e9changer avec nos experts ou en savoir plus sur nos solutions Kimea ? Contactez-nous","og_url":"https:\/\/moovency.com\/en\/contact-us\/","og_site_name":"Moovency","article_modified_time":"2024-06-24T11:58:47+00:00","twitter_card":"summary_large_image","twitter_misc":{"Est. reading time":"1 minute"},"schema":{"@context":"https:\/\/schema.org","@graph":[{"@type":"WebPage","@id":"https:\/\/moovency.com\/en\/contact-us\/","url":"https:\/\/moovency.com\/en\/contact-us\/","name":"Contact - Moovency","isPartOf":{"@id":"https:\/\/moovency.com\/#website"},"datePublished":"2024-02-14T10:32:07+00:00","dateModified":"2024-06-24T11:58:47+00:00","description":"Vous souhaitez pr\u00e9venir les TMS dans votre organisation, \u00e9changer avec nos experts ou en savoir plus sur nos solutions Kimea ? Contactez-nous","breadcrumb":{"@id":"https:\/\/moovency.com\/en\/contact-us\/#breadcrumb"},"inLanguage":"en-US","potentialAction":[{"@type":"ReadAction","target":["https:\/\/moovency.com\/en\/contact-us\/"]}]},{"@type":"BreadcrumbList","@id":"https:\/\/moovency.com\/en\/contact-us\/#breadcrumb","itemListElement":[{"@type":"ListItem","position":1,"name":"Accueil","item":"https:\/\/moovency.com\/en\/"},{"@type":"ListItem","position":2,"name":"Contact"}]},{"@type":"WebSite","@id":"https:\/\/moovency.com\/#website","url":"https:\/\/moovency.com\/","name":"Moovency","description":"Ensemble r\u00e9inventons la pr\u00e9vention des TMS","publisher":{"@id":"https:\/\/moovency.com\/#organization"},"potentialAction":[{"@type":"SearchAction","target":{"@type":"EntryPoint","urlTemplate":"https:\/\/moovency.com\/?s={search_term_string}"},"query-input":{"@type":"PropertyValueSpecification","valueRequired":true,"valueName":"search_term_string"}}],"inLanguage":"en-US"},{"@type":"Organization","@id":"https:\/\/moovency.com\/#organization","name":"Moovency","url":"https:\/\/moovency.com\/","logo":{"@type":"ImageObject","inLanguage":"en-US","@id":"https:\/\/moovency.com\/#\/schema\/logo\/image\/","url":"https:\/\/moovency.com\/wp-content\/uploads\/2024\/05\/moovency-logo.png","contentUrl":"https:\/\/moovency.com\/wp-content\/uploads\/2024\/05\/moovency-logo.png","width":696,"height":696,"caption":"Moovency"},"image":{"@id":"https:\/\/moovency.com\/#\/schema\/logo\/image\/"}}]}},"_links":{"self":[{"href":"https:\/\/moovency.com\/en\/wp-json\/wp\/v2\/pages\/2756","targetHints":{"allow":["GET"]}}],"collection":[{"href":"https:\/\/moovency.com\/en\/wp-json\/wp\/v2\/pages"}],"about":[{"href":"https:\/\/moovency.com\/en\/wp-json\/wp\/v2\/types\/page"}],"author":[{"embeddable":true,"href":"https:\/\/moovency.com\/en\/wp-json\/wp\/v2\/users\/1"}],"replies":[{"embeddable":true,"href":"https:\/\/moovency.com\/en\/wp-json\/wp\/v2\/comments?post=2756"}],"version-history":[{"count":0,"href":"https:\/\/moovency.com\/en\/wp-json\/wp\/v2\/pages\/2756\/revisions"}],"wp:attachment":[{"href":"https:\/\/moovency.com\/en\/wp-json\/wp\/v2\/media?parent=2756"}],"curies":[{"name":"wp","href":"https:\/\/api.w.org\/{rel}","templated":true}]}}